{"id":1760,"date":"2016-03-15T23:12:10","date_gmt":"2016-03-15T23:12:10","guid":{"rendered":"https:\/\/spofforthtranslation.co.uk\/?page_id=1760&#038;lang=de"},"modified":"2021-07-15T12:37:42","modified_gmt":"2021-07-15T12:37:42","slug":"service-und-gebuehren","status":"publish","type":"page","link":"https:\/\/spofforthtranslation.co.uk\/de\/service-und-gebuehren\/","title":{"rendered":"SERVICE UND GEB\u00dcHREN"},"content":{"rendered":"<p>[vc_row][vc_column][vc_column_text]<\/p>\n<h2>SERVICE UND GEB\u00dcHREN<\/h2>\n<p>[\/vc_column_text][vc_empty_space height=&#8220;5px&#8220;][\/vc_column][\/vc_row][vc_row][vc_column width=&#8220;1\/4&#8243;][stm_icon icon_size=&#8220;71&#8243; icon_height=&#8220;72&#8243; title_font_size=&#8220;14&#8243; title_font_weight=&#8220;500&#8243; align=&#8220;center&#8220; icon=&#8220;fa fa-arrows-h&#8220; title=&#8220;\u00dcBERSETZUNG FRANZ\u00d6SISCH\/DEUTSCH INS ENGLISCHE&#8220;][vc_empty_space height=&#8220;50px&#8220;][\/vc_column][vc_column width=&#8220;1\/4&#8243;][stm_icon icon_size=&#8220;71&#8243; icon_height=&#8220;72&#8243; title_font_size=&#8220;14&#8243; title_font_weight=&#8220;500&#8243; align=&#8220;center&#8220; icon=&#8220;fa fa-search&#8220; title=&#8220;KORREKTURLESEN&#8220;][vc_empty_space height=&#8220;50px&#8220;][\/vc_column][vc_column width=&#8220;1\/4&#8243;][stm_icon icon_size=&#8220;71&#8243; icon_height=&#8220;72&#8243; title_font_size=&#8220;14&#8243; title_font_weight=&#8220;500&#8243; align=&#8220;center&#8220; icon=&#8220;fa fa-pencil&#8220; title=&#8220;LEKTORAT&#8220;][vc_empty_space height=&#8220;50px&#8220;][\/vc_column][vc_column width=&#8220;1\/4&#8243;][stm_icon icon_size=&#8220;71&#8243; icon_height=&#8220;72&#8243; title_font_size=&#8220;14&#8243; title_font_weight=&#8220;500&#8243; align=&#8220;center&#8220; icon=&#8220;fa fa-file-text&#8220; title=&#8220;TRANSKRIPTION&#8220;][vc_empty_space height=&#8220;50px&#8220;][\/vc_column][\/vc_row][vc_row full_width=&#8220;stretch_row_content&#8220; content_placement=&#8220;top&#8220; css=&#8220;.vc_custom_1626352508740{margin-bottom: 0px !important;background-color: #0cccff !important;}&#8220; el_class=&#8220;no-padding colors&#8220;][vc_column width=&#8220;1\/2&#8243;][vc_column_text css=&#8220;.vc_custom_1458084281949{padding-top: 25px !important;padding-right: 25px !important;padding-bottom: 249px !important;padding-left: 25px !important;background-image: url(https:\/\/matthew-spofforth.websitesfortranslators.com\/wp-content\/uploads\/2015\/11\/new2.jpg?id=1605) !important;background-position: center !important;background-repeat: no-repeat !important;background-size: cover !important;}&#8220;]<\/p>\n<p style=\"color: #ffffff; text-align: right;\">Die berechneten Geb\u00fchren h\u00e4ngen von der Komplexit\u00e4t des Textes und dem Dateiformat ab.<br \/>\nEine PDF-Datei mit fachlichem Inhalt kostet aufgrund der zus\u00e4tzlichen<br \/>\nFormatierung, Recherche und \u00dcberarbeitung mehr.<\/p>\n<p style=\"color: #ffffff; text-align: right;\"><strong style=\"color: #ffffff;\">\u00dcbersetzung: 0,10\u00a0\u20ac \u2013 0,26 \u20ac pro Wort des Ausgangstextes<\/strong><\/p>\n<p style=\"color: #ffffff; text-align: right;\"><strong style=\"color: #ffffff;\">Korrekturlesen\/Lektorat\/Transkription: 40 \u20ac\/Stunde<\/strong><\/p>\n<p>[\/vc_column_text][\/vc_column][vc_column width=&#8220;1\/2&#8243;][vc_column_text css=&#8220;.vc_custom_1458084246941{padding-top: 25px !important;padding-right: 25px !important;padding-bottom: 93px !important;padding-left: 25px !important;background-color: #00c0f3 !important;background-position: center !important;background-repeat: no-repeat !important;background-size: cover !important;}&#8220;]<\/p>\n<p style=\"color: #fff;\">Meine Mindestgeb\u00fchr betr\u00e4gt 40\u00a0\u20ac. Diese wird berechnet, da ich bei jeder \u00dcbersetzung<br \/>\nunabh\u00e4ngig vom Umfang den gleichen sorgf\u00e4ltigen Prozess durchlaufe. Ich stelle sicher,<br \/>\ndass der Text in einem \u00fcbersetzbaren Format ist, \u00fcberpr\u00fcfe den Kontext und recherchiere.<br \/>\nWenn Ihr Dokument \u00fcbersetzt ist, f\u00fchre ich eine Qualit\u00e4tspr\u00fcfung durch,<br \/>\nlese den Text Korrektur und erstelle die abschlie\u00dfende Datei.<br \/>\nSeien Sie versichert: Durch die Mindestgeb\u00fchr kann ich Ihnen einen<br \/>\n\u00fcberdurchschnittlichen Service bieten.<\/p>\n<p style=\"color: #fff;\">Ich habe durch meine Mitgliedschaft beim Chartered Institute of Linguists (CIOL)<br \/>\nden Verhaltenskodex angenommen. Somit bin ich ethisch dazu verpflichtet, <strong style=\"color: #fff;\"><br \/>\nnur in meine Muttersprache (Englisch) zu \u00fcbersetzen<\/strong>.<\/p>\n<p><a style=\"color: #fff; text-decoration: underline;\" href=\"\/\/www.ciol.org.uk\/images\/Membership\/CPC.pdf\" target=\"_blank\" rel=\"noopener\">Zum Verhaltenskodex des CIOL<\/a>[\/vc_column_text][\/vc_column][\/vc_row][vc_row full_width=&#8220;stretch_row&#8220; css=&#8220;.vc_custom_1452524216446{margin-bottom: 0px !important;}&#8220;][vc_column][vc_cta h2=&#8220;Ist Ihr Unternehmen nur in GB t\u00e4tig und haben Sie nur Inlandskunden?&#8220; shape=&#8220;square&#8220; color=&#8220;black&#8220; add_button=&#8220;right&#8220; btn_title=&#8220;Klicken Sie hier&#8220; btn_style=&#8220;outline&#8220; btn_shape=&#8220;round&#8220; btn_color=&#8220;theme_style_1&#8243; btn_i_align=&#8220;right&#8220; btn_i_icon_fontawesome=&#8220;stm-arrow-next&#8220; btn_add_icon=&#8220;true&#8220; css=&#8220;.vc_custom_1458084339676{background-color: #ffffff !important;}&#8220; el_class=&#8220;no-border&#8220; btn_link=&#8220;url:https%3A%2F%2Fspofforthtranslation.co.uk%2Fkontaktieren-sie-mich%2F%3Flang%3Dde||&#8220;][\/vc_cta][\/vc_column][\/vc_row]<\/p>\n","protected":false},"excerpt":{"rendered":"<p>[vc_row][vc_column][vc_column_text] SERVICE UND GEB\u00dcHREN [\/vc_column_text][vc_empty_space height=&#8220;5px&#8220;][\/vc_column][\/vc_row][vc_row][vc_column width=&#8220;1\/4&#8243;][stm_icon icon_size=&#8220;71&#8243; icon_height=&#8220;72&#8243; title_font_size=&#8220;14&#8243; title_font_weight=&#8220;500&#8243; align=&#8220;center&#8220; icon=&#8220;fa fa-arrows-h&#8220; title=&#8220;\u00dcBERSETZUNG FRANZ\u00d6SISCH\/DEUTSCH INS ENGLISCHE&#8220;][vc_empty_space height=&#8220;50px&#8220;][\/vc_column][vc_column width=&#8220;1\/4&#8243;][stm_icon icon_size=&#8220;71&#8243; icon_height=&#8220;72&#8243; title_font_size=&#8220;14&#8243; title_font_weight=&#8220;500&#8243; align=&#8220;center&#8220; icon=&#8220;fa fa-search&#8220; title=&#8220;KORREKTURLESEN&#8220;][vc_empty_space height=&#8220;50px&#8220;][\/vc_column][vc_column width=&#8220;1\/4&#8243;][stm_icon icon_size=&#8220;71&#8243; icon_height=&#8220;72&#8243; title_font_size=&#8220;14&#8243;&#8230;<\/p>\n","protected":false},"author":1,"featured_media":0,"parent":0,"menu_order":0,"comment_status":"closed","ping_status":"closed","template":"","meta":{"footnotes":""},"class_list":["post-1760","page","type-page","status-publish","hentry"],"_links":{"self":[{"href":"https:\/\/spofforthtranslation.co.uk\/de\/wp-json\/wp\/v2\/pages\/1760","targetHints":{"allow":["GET"]}}],"collection":[{"href":"https:\/\/spofforthtranslation.co.uk\/de\/wp-json\/wp\/v2\/pages"}],"about":[{"href":"https:\/\/spofforthtranslation.co.uk\/de\/wp-json\/wp\/v2\/types\/page"}],"author":[{"embeddable":true,"href":"https:\/\/spofforthtranslation.co.uk\/de\/wp-json\/wp\/v2\/users\/1"}],"replies":[{"embeddable":true,"href":"https:\/\/spofforthtranslation.co.uk\/de\/wp-json\/wp\/v2\/comments?post=1760"}],"version-history":[{"count":15,"href":"https:\/\/spofforthtranslation.co.uk\/de\/wp-json\/wp\/v2\/pages\/1760\/revisions"}],"predecessor-version":[{"id":1971,"href":"https:\/\/spofforthtranslation.co.uk\/de\/wp-json\/wp\/v2\/pages\/1760\/revisions\/1971"}],"wp:attachment":[{"href":"https:\/\/spofforthtranslation.co.uk\/de\/wp-json\/wp\/v2\/media?parent=1760"}],"curies":[{"name":"wp","href":"https:\/\/api.w.org\/{rel}","templated":true}]}}