{"id":1808,"date":"2016-03-16T00:03:57","date_gmt":"2016-03-16T00:03:57","guid":{"rendered":"https:\/\/spofforthtranslation.co.uk\/?page_id=1808&#038;lang=de"},"modified":"2023-07-07T10:43:39","modified_gmt":"2023-07-07T10:43:39","slug":"warum-ich-ihre-vorteile","status":"publish","type":"page","link":"https:\/\/spofforthtranslation.co.uk\/de\/warum-ich-ihre-vorteile\/","title":{"rendered":"WARUM ICH \u2013 IHRE VORTEILE"},"content":{"rendered":"<p>[vc_row][vc_column width=&#8220;1\/3&#8243;][vc_column_text css=&#8220;.vc_custom_1458086670330{margin-bottom: 40px !important;}&#8220;]<\/p>\n<h2>WARUM ICH \u2013 IHRE VORTEILE<\/h2>\n<p>[\/vc_column_text][\/vc_column][vc_column width=&#8220;2\/3&#8243;][vc_column_text]Ich habe meine \u00dcbersetzungskompetenz und meine Recherchef\u00e4higkeiten \u00fcber viele Jahre hinweg verfeinert, halte mich \u00fcber Entwicklungen in Ihrer Branche auf dem Laufenden und nehme an einschl\u00e4gigen Fortbildungskursen teil. Damit sorge ich daf\u00fcr, dass Ihr Dokument immer die richtige Botschaft wiedergibt und den richtigen Ton trifft.<\/p>\n<p><strong>Ich bin \u00dcbersetzer in Vollzeit<\/strong>. Dies bedeutet, ich kann Ihren Dokumenten die n\u00f6tige Aufmerksamkeit widmen und Sie k\u00f6nnen die Vorteile der Zusammenarbeit mit einem Freiberufler genie\u00dfen.[\/vc_column_text][\/vc_column][\/vc_row][vc_row][vc_column][vc_empty_space height=&#8220;50px&#8220;][\/vc_column][\/vc_row][vc_row full_width=&#8220;stretch_row&#8220; css=&#8220;.vc_custom_1448346440762{margin-bottom: 0px !important;padding-top: 80px !important;padding-bottom: 60px !important;background-color: #1b4562 !important;}&#8220;][vc_column][vc_row_inner css=&#8220;.vc_custom_1449136946410{margin-bottom: 0px !important;}&#8220;][vc_column_inner width=&#8220;1\/2&#8243; css=&#8220;.vc_custom_1449136957585{margin-bottom: 35px !important;}&#8220;][stm_icon icon_size=&#8220;73&#8243; icon_height=&#8220;100&#8243; title_font_size=&#8220;23&#8243; title_font_weight=&#8220;700&#8243; icon=&#8220;stm-clients-worldwide&#8220; title=&#8220;DIESE VORTEILE SIND:&#8220; href=&#8220;&#8222;https:\/\/www.servicevalue.de\/wettbewerbe\/branchenuebergreifend\/service-champions-deutschland\/ranking\/ranking-der-1519-unternehmen\/&#8222;&#8220; link=&#8220;||&#8220; title_color=&#8220;#ffffff&#8220; text_color=&#8220;#ffffff&#8220;][vc_empty_space height=&#8220;50px&#8220;][vc_column_text]<\/p>\n<ul class=\"style_2\" style=\"color: #fff;\">\n<li>Ich bin im Bedarfsfall am Abend und an Wochenenden verf\u00fcgbar.<\/li>\n<li>Sie besprechen Ihr Projekt mit mir und ich arbeite am Projekt.<\/li>\n<li>Wenn Sie der Meinung sind, dass eine Anfrage per E-Mail zu lange dauert, senden Sie mir einfach umgehend eine Sofortnachricht \u00fcber mein Chatsystem. Ich freue mich immer, wenn ich helfen kann, denn ich liebe meinen Beruf!<\/li>\n<li>Sie erhalten regelm\u00e4\u00dfige Updates zu Ihrem Projekt und m\u00fcssen sich so keine Sorgen \u00fcber den Stand des Projektes machen.<\/li>\n<\/ul>\n<p>[\/vc_column_text][\/vc_column_inner][vc_column_inner width=&#8220;1\/2&#8243; css=&#8220;.vc_custom_1449136961602{margin-bottom: 35px !important;}&#8220;][stm_icon icon_size=&#8220;89&#8243; icon_height=&#8220;100&#8243; title_font_size=&#8220;23&#8243; title_font_weight=&#8220;700&#8243; icon=&#8220;stm-projects-done&#8220; title=&#8220;ICH BEN\u00d6TIGE LEDIGLICH FOLGENDES VON IHNEN:&#8220; title_color=&#8220;#ffffff&#8220; text_color=&#8220;#ffffff&#8220; link=&#8220;||&#8220;][vc_empty_space height=&#8220;50px&#8220;][vc_column_text]<\/p>\n<ul class=\"style_2\" style=\"color: #fff;\">\n<li>Anzahl der W\u00f6rter, Lieferdatum und Texttyp;<\/li>\n<li>Handelt es sich um ein einmaliges oder ein laufendes Projekt?<\/li>\n<li>Glossare, Termbases oder Translation Memories f\u00fcr das Projekt (unternehmensspezifische Terminologie?);<\/li>\n<li>M\u00f6gliche Bezugsdokumente als Kontextst\u00fctze;<\/li>\n<li>Welche Software ben\u00f6tige ich f\u00fcr Ihr Projekt? (Ich besitze die neueste CAT-Technologie, Wordfast Pro, Trados Studio 22 und memoQ 9);<\/li>\n<li>Format des gelieferten Dokuments und gew\u00fcnschtes Format des Endproduktes;<\/li>\n<li>Weitere wichtige Informationen, die ich wissen sollte;<\/li>\n<li>Einen Auftrag;<\/li>\n<\/ul>\n<p>[\/vc_column_text][\/vc_column_inner][\/vc_row_inner][\/vc_column][\/vc_row][vc_row full_width=&#8220;stretch_row&#8220; el_class=&#8220;no-button secondary_bg_color&#8220;][vc_column][vc_empty_space height=&#8220;20px&#8220;][vc_empty_space height=&#8220;20px&#8220;][vc_empty_space height=&#8220;20px&#8220;][vc_column_text]<\/p>\n<p style=\"text-align: center;\"><span style=\"color: #fff; font-size: 30px; font-weight: 500;\">Lesen und akzeptieren Sie vor dem Einreichen der Projektanfrage<br \/>\nmeine Nutzungsbedingungen, die Sie <a style=\"color: #fff; text-decoration: underline;\" href=\"https:\/\/spofforthtranslation.co.uk\/geschaftsbedingungen\/?lang=de\">hier<\/a> finden.<\/span>[\/vc_column_text][vc_empty_space height=&#8220;20px&#8220;][\/vc_column][\/vc_row]<\/p>\n","protected":false},"excerpt":{"rendered":"<p>[vc_row][vc_column width=&#8220;1\/3&#8243;][vc_column_text css=&#8220;.vc_custom_1458086670330{margin-bottom: 40px !important;}&#8220;] WARUM ICH \u2013 IHRE VORTEILE [\/vc_column_text][\/vc_column][vc_column width=&#8220;2\/3&#8243;][vc_column_text]Ich habe meine \u00dcbersetzungskompetenz und meine Recherchef\u00e4higkeiten \u00fcber viele Jahre hinweg verfeinert, halte mich \u00fcber Entwicklungen in Ihrer Branche auf dem Laufenden&#8230;<\/p>\n","protected":false},"author":1,"featured_media":0,"parent":0,"menu_order":0,"comment_status":"closed","ping_status":"closed","template":"","meta":{"footnotes":""},"class_list":["post-1808","page","type-page","status-publish","hentry"],"_links":{"self":[{"href":"https:\/\/spofforthtranslation.co.uk\/de\/wp-json\/wp\/v2\/pages\/1808","targetHints":{"allow":["GET"]}}],"collection":[{"href":"https:\/\/spofforthtranslation.co.uk\/de\/wp-json\/wp\/v2\/pages"}],"about":[{"href":"https:\/\/spofforthtranslation.co.uk\/de\/wp-json\/wp\/v2\/types\/page"}],"author":[{"embeddable":true,"href":"https:\/\/spofforthtranslation.co.uk\/de\/wp-json\/wp\/v2\/users\/1"}],"replies":[{"embeddable":true,"href":"https:\/\/spofforthtranslation.co.uk\/de\/wp-json\/wp\/v2\/comments?post=1808"}],"version-history":[{"count":6,"href":"https:\/\/spofforthtranslation.co.uk\/de\/wp-json\/wp\/v2\/pages\/1808\/revisions"}],"predecessor-version":[{"id":2177,"href":"https:\/\/spofforthtranslation.co.uk\/de\/wp-json\/wp\/v2\/pages\/1808\/revisions\/2177"}],"wp:attachment":[{"href":"https:\/\/spofforthtranslation.co.uk\/de\/wp-json\/wp\/v2\/media?parent=1808"}],"curies":[{"name":"wp","href":"https:\/\/api.w.org\/{rel}","templated":true}]}}