{"id":1826,"date":"2016-03-16T00:30:23","date_gmt":"2016-03-16T00:30:23","guid":{"rendered":"https:\/\/spofforthtranslation.co.uk\/?page_id=1826&#038;lang=fr"},"modified":"2016-03-16T00:32:39","modified_gmt":"2016-03-16T00:32:39","slug":"unternehmen-in-gb","status":"publish","type":"page","link":"https:\/\/spofforthtranslation.co.uk\/de\/unternehmen-in-gb\/","title":{"rendered":"Unternehmen in GB"},"content":{"rendered":"<p>[vc_row][vc_column][vc_row_inner][vc_column_inner][vc_column_text css=&#8220;.vc_custom_1458088273175{margin-bottom: 30px !important;}&#8220;]<\/p>\n<h2 style=\"text-align: center;\">IST IHR UNTERNEHMEN NUR IN GB T\u00c4TIG UND HABEN SIE NUR INLANDSKUNDEN?<\/h2>\n<p style=\"text-align: center;\">Ich helfe nicht nur Unternehmen aus Europa, Kunden in Gro\u00dfbritannien zu gewinnen, sondern m\u00f6chte auch das britische Wirtschaftswachstum f\u00f6rdern, indem ich kleine und mittlere Unternehmen mit Sprachdienstleistungen und bei Schreibt\u00e4tigkeiten unterst\u00fctze. Als Mitglied der Handelskammer Liverpool und Sefton (zu meinem Profil) kenne ich viele kleine und mittlere Unternehmen in verschiedenen Branchen und stehe ihnen mit folgenden Sprachdienstleistungen zur Seite.<\/p>\n<p>[\/vc_column_text][\/vc_column_inner][\/vc_row_inner][vc_single_image image=&#8220;1657&#8243; img_size=&#8220;full&#8220; alignment=&#8220;center&#8220; onclick=&#8220;custom_link&#8220; img_link_target=&#8220;_blank&#8220; link=&#8220;https:\/\/www.liverpoolchamber.org.uk\/memberlisting.aspx\/show\/3949&#8243;][\/vc_column][\/vc_row][vc_row full_width=&#8220;stretch_row&#8220; full_height=&#8220;yes&#8220; columns_placement=&#8220;top&#8220; content_placement=&#8220;top&#8220; css=&#8220;.vc_custom_1455033131947{margin-bottom: 0px !important;}&#8220; el_class=&#8220;no-padding&#8220;][vc_column][vc_column_text css=&#8220;.vc_custom_1458088327535{padding-top: 25px !important;padding-right: 25px !important;padding-bottom: 25px !important;padding-left: 25px !important;background-color: #0cccff !important;}&#8220;]<\/p>\n<p style=\"text-align: center;\">\n<ul class=\"none-ul\" style=\"color: #fff;\">\n<li style=\"text-align: center;\">&#8211; Korrekturlesen\/Lektorat s\u00e4mtlicher Unternehmenskommunikation auf Englisch (Jahresberichte, Pressemitteilungen usw.);<\/li>\n<li style=\"text-align: center;\">&#8211; Transkription von Interviews beliebiger Audiomaterialien auf Englisch;<\/li>\n<li style=\"text-align: center;\">&#8211; Digitalisierung von handschriftlichen Protokollen;<\/li>\n<\/ul>\n<p>[\/vc_column_text][\/vc_column][\/vc_row][vc_row full_width=&#8220;stretch_row&#8220; css=&#8220;.vc_custom_1452524216446{margin-bottom: 0px !important;}&#8220;][vc_column][vc_cta h2=&#8220;M\u00f6chten Sie mit mir arbeiten?&#8220; shape=&#8220;square&#8220; color=&#8220;black&#8220; add_button=&#8220;right&#8220; btn_title=&#8220;Klick hier&#8220; btn_style=&#8220;outline&#8220; btn_shape=&#8220;round&#8220; btn_color=&#8220;theme_style_1&#8243; btn_i_align=&#8220;right&#8220; btn_i_icon_fontawesome=&#8220;stm-arrow-next&#8220; btn_add_icon=&#8220;true&#8220; css=&#8220;.vc_custom_1458088357918{background-color: #ffffff !important;}&#8220; el_class=&#8220;no-border&#8220; btn_link=&#8220;url:https%3A%2F%2Fspofforthtranslation.co.uk%2Fkontaktieren-sie-mich%2F%3Flang%3Dde||&#8220;][\/vc_cta][\/vc_column][\/vc_row]<\/p>\n","protected":false},"excerpt":{"rendered":"<p>[vc_row][vc_column][vc_row_inner][vc_column_inner][vc_column_text css=&#8220;.vc_custom_1458088273175{margin-bottom: 30px !important;}&#8220;] IST IHR UNTERNEHMEN NUR IN GB T\u00c4TIG UND HABEN SIE NUR INLANDSKUNDEN? Ich helfe nicht nur Unternehmen aus Europa, Kunden in Gro\u00dfbritannien zu gewinnen, sondern m\u00f6chte auch das britische&#8230;<\/p>\n","protected":false},"author":1,"featured_media":0,"parent":0,"menu_order":0,"comment_status":"closed","ping_status":"closed","template":"","meta":{"footnotes":""},"class_list":["post-1826","page","type-page","status-publish","hentry"],"_links":{"self":[{"href":"https:\/\/spofforthtranslation.co.uk\/de\/wp-json\/wp\/v2\/pages\/1826","targetHints":{"allow":["GET"]}}],"collection":[{"href":"https:\/\/spofforthtranslation.co.uk\/de\/wp-json\/wp\/v2\/pages"}],"about":[{"href":"https:\/\/spofforthtranslation.co.uk\/de\/wp-json\/wp\/v2\/types\/page"}],"author":[{"embeddable":true,"href":"https:\/\/spofforthtranslation.co.uk\/de\/wp-json\/wp\/v2\/users\/1"}],"replies":[{"embeddable":true,"href":"https:\/\/spofforthtranslation.co.uk\/de\/wp-json\/wp\/v2\/comments?post=1826"}],"version-history":[{"count":2,"href":"https:\/\/spofforthtranslation.co.uk\/de\/wp-json\/wp\/v2\/pages\/1826\/revisions"}],"predecessor-version":[{"id":1828,"href":"https:\/\/spofforthtranslation.co.uk\/de\/wp-json\/wp\/v2\/pages\/1826\/revisions\/1828"}],"wp:attachment":[{"href":"https:\/\/spofforthtranslation.co.uk\/de\/wp-json\/wp\/v2\/media?parent=1826"}],"curies":[{"name":"wp","href":"https:\/\/api.w.org\/{rel}","templated":true}]}}