{"id":1929,"date":"2018-05-24T13:13:01","date_gmt":"2018-05-24T13:13:01","guid":{"rendered":"https:\/\/spofforthtranslation.co.uk\/privacy-policy\/?lang=de"},"modified":"2018-07-10T11:31:11","modified_gmt":"2018-07-10T11:31:11","slug":"datenschutzrichtlinie","status":"publish","type":"page","link":"https:\/\/spofforthtranslation.co.uk\/de\/datenschutzrichtlinie\/","title":{"rendered":"Datenschutzrichtlinie"},"content":{"rendered":"<p>[vc_row][vc_column][vc_column_text]Datenschutzrichtlinie<\/p>\n<p>1. Einf\u00fchrung<\/p>\n<p>1.1 Wir verpflichten uns, die Privatsph\u00e4re unsere Website-Besucher und Kunden zu sch\u00fctzen.<\/p>\n<p>1.2 Diese Richtlinie gilt dann, wenn wir in Bezug auf die personenbezogenen Daten unserer Website-Besucher und Kunden als Datenverantwortlicher auftreten, das hei\u00dft, wenn wir die Zwecke und Mittel der Verarbeitung dieser personenbezogenen Daten festlegen.<\/p>\n<p>1.3 Bei Ihrem ersten Besuch auf unserer Website werden Sie gebeten, unserer Verwendung von Cookies in \u00dcbereinstimmung mit den Bedingungen dieser Richtlinie zuzustimmen, indem Sie ausdr\u00fccklich einwiligen (positive Wahl).<\/p>\n<p>1.4 In dieser Richtlinie beziehen sich \u201ewir\u201c, \u201euns\u201c und \u201eunser\u201c aufSpofforth Translation Services. Weitere Informationen \u00fcber uns finden Sie im Abschnitt 13.<\/p>\n<p>2. Quellenangabe<\/p>\n<p>2.1 Dieses Dokument wurde mit einer Vorlage von SEQ Legal erstellt (https:\/\/seqlegal.com).<\/p>\n<p>3. Verwendung Ihrer personenbezogene Daten<\/p>\n<p>3.1 In diesem Abschnitt 3 haben wir Folgendes dargelegt:<\/p>\n<p>(a) die allgemeinen Kategorien personenbezogener Daten, die wir bearbeiten d\u00fcrfen;<\/p>\n<p>(b) f\u00fcr welche Zwecke wir personenbezogene Daten verarbeiten d\u00fcrfen; und<\/p>\n<p>(c) die rechtlichen Grundlagen der Verarbeitung.<\/p>\n<p>3.2 Wir verarbeiten ggf. Daten \u00fcber Ihre Nutzung unserer Website und unserer Dienste (\u201eNutzungsdaten\u201c). Die Nutzungsdaten k\u00f6nnen Ihre IP-Adresse, den geografischen Standort, Browsertyp und -version, Betriebssystem, Verweisquelle, Besuchsdauer, Seitenaufrufe und Navigationspfade sowie Informationen zu Nutzungszeitpunkt, Nutzungsh\u00e4ufigkeit und Nutzungsmuster enthalten. Die Quelle der Nutzungsdaten ist Google Analytics. Diese Nutzungsdaten k\u00f6nnen zum Zweck der Analyse der Nutzung der Website und der Nutzung der Dienste verarbeitet werden. Die rechtliche Grundlage hierf\u00fcr sind unsere berechtigten Interessen, d. h. die ordnungsgem\u00e4\u00dfe Verwaltung unserer Website und unseres Gesch\u00e4fts.<\/p>\n<p>3.3 Wir verarbeiten gff. die Daten Ihres Kontos (\u201eKontodaten\u201c). Die Kontodaten k\u00f6nnen Ihren Namen und Ihre E-Mail-Adresse enthalten. Die Quelle der Kontodaten sind Sie oder Ihr Arbeitgeber. Die Kontodaten k\u00f6nnen f\u00fcr den Betrieb unserer Website, die Bereitstellung unserer Dienste, die Gew\u00e4hrleistung der Sicherheit unserer Website und Dienste, die Pflege von Backups unserer Datenbanken und f\u00fcr die Kommunikation mit Ihnen verarbeitet werden. Die Rechtsgrundlage f\u00fcr diese Verarbeitung ist die Erf\u00fcllung eines Vertrages zwischen Ihnen und uns und\/oder die Durchf\u00fchrung vorvertraglicher Ma\u00dfnahmen, die auf Ihre Anfrage hin erforderlich sind, um einen solchen Vertrag abzuschlie\u00dfen.<\/p>\n<p>3.4 Wir verarbeiten ggf. [Informationen, die Sie zur Ver\u00f6ffentlichung auf unserer Website oder \u00fcber unsere Dienste ver\u00f6ffentlichen] (\u201eVer\u00f6ffentlichungsdaten\u201c). Die Ver\u00f6ffentlichungsdaten k\u00f6nnen [zu Zwecken der Erm\u00f6glichung einer solchen Website und zur Verwaltung unserer Website und Dienstleistungen] verarbeitet werden. Die rechtliche Grundlage f\u00fcr diese Verarbeitung ist Ihre Einwilligung.<\/p>\n<p>3.5 Wir verarbeiten ggf. die in einer Anfrage enthaltenen Daten, die Sie uns bez\u00fcglich Waren und\/oder Dienstleistungen \u00fcbermitteln (\u201eAnfragedaten\u201c). Die Verarbeitung von Anfragedaten dient dem Zweck, Ihnen relevante Waren und\/oder Dienstleistungen anzubieten, zu vermarkten und zu verkaufen. Die rechtliche Grundlage f\u00fcr diese Verarbeitung ist Ihre Einwilligung.<\/p>\n<p>3.6 Wir verarbeiten ggf. Informationen, die in oder an einer von Ihnen an uns gesendeten Kommunikation enthalten sind (\u201eKorrespondenzdaten\u201c). Zu den Korrespondenzdaten geh\u00f6ren die mit der Kommunikation verbundenen Kommunikationsinhalte und Metadaten. Die Metadaten f\u00fcr die Kommunikation werden \u00fcber die Kontaktformulare unserer Website generiert. Die Korrespondenzdaten k\u00f6nnen [zu Kommunikations- und Buchf\u00fchrungszwecken] verarbeitet werden. Die rechtliche Grundlage hierf\u00fcr sind unsere berechtigten Interessen, d. h. die ordnungsgem\u00e4\u00dfe Verwaltung unserer Website und unseres Gesch\u00e4fts, sowie der Kommunikation mit unseren Kunden.<\/p>\n<p>3.7 Wir verarbeiten ggf. die in dieser Richtlinie angegebenen personenbezogenen Daten, soweit dies f\u00fcr die Begr\u00fcndung, Aus\u00fcbung oder Verteidigung von Rechtsanspr\u00fcchen erforderlich ist, sei es in einem Gerichtsverfahren oder in einem Verwaltungs- oder au\u00dfergerichtlichen Verfahren. Die Rechtsgrundlage f\u00fcr diese Verarbeitung sind unsere berechtigten Interessen, d. h. der Schutz und die Geltendmachung unserer gesetzlichen Rechte, Ihrer gesetzlichen Rechte und der gesetzlichen Rechte anderer.<\/p>\n<p>3.8 Wir verarbeiten ggf. die in dieser Richtlinie angegebenen personenbezogenen Daten zum Zweck des Erhalts oder der Beibehaltung von Versicherungsschutz, der Steuerung von Risiken oder der Einholung einer professionellen Beratung. Die rechtliche Grundlage f\u00fcr diese Verarbeitung sind unsere berechtigten Interessen, d. h. der ordnungsgem\u00e4\u00dfe Schutz unseres Gesch\u00e4fts vor Risiken.<\/p>\n<p>3.9 Zus\u00e4tzlich zu den in diesem Abschnitt 3 genannten spezifischen Zwecken, verarbeiten wir au\u00dferdem Ihre personenbezogenen Daten, wenn diese Verarbeitung zur Einhaltung einer gesetzlichen Verpflichtung, der wir unterliegen, erforderlich ist, oder um Ihre vitalen Interessen oder die vitalen Interessen einer anderen nat\u00fcrlichen Person zu sch\u00fctzen.<\/p>\n<p>3.10 Bitte geben Sie keine personenbezogenen Daten anderer Personen an uns weiter, es sei denn, Sie werden von uns dazu aufgefordert.<\/p>\n<p>4. Bereitstellung Ihrer personenbezogenen Daten an Dritte<\/p>\n<p>4.1 Wir k\u00f6nnen Ihre personenbezogenen Daten gegen\u00fcber unseren Versicherern und\/oder professionellen Beratern offenlegen, soweit dies zum Zweck des Erhalts oder des Aufrechterhaltens des Versicherungsschutzes, des Risikomanagements, des Einholens von Fachberatung oder der Begr\u00fcndung, Aus\u00fcbung oder Verteidigung von Rechtsanspr\u00fcchen erforderlich ist, entweder in einem Gerichtsverfahren oder in einem verwaltungsrechtlichen oder au\u00dfergerichtlichen Verfahren.<\/p>\n<p>4.2 Wir k\u00f6nnen Ihre gesch\u00e4ftliche E-Mail-Adresse an unsere Unterauftragnehmer weitergeben, soweit dies f\u00fcr die Durchf\u00fchrung des Vertrags erforderlich ist. Sie werden aufgefordert, zuzustimmen, wenn die Unterauftragsvergabe von uns als notwendig erachtet wird.<\/p>\n<p>4.3 Zus\u00e4tzlich zu den in diesem Abschnitt 4 genannten Offenlegungen personenbezogener Daten, verarbeiten wir au\u00dferdem Ihre personenbezogenen Daten, wenn diese Offenlegung zur Einhaltung einer gesetzlichen Verpflichtung, der wir unterliegen, erforderlich ist, oder um Ihre vitalen Interessen oder die vitalen Interessen einer anderen nat\u00fcrlichen Person zu sch\u00fctzen. Wir legen au\u00dferdem die in dieser Richtlinie angegebenen personenbezogenen Daten offen, soweit dies f\u00fcr die Begr\u00fcndung, Aus\u00fcbung oder Verteidigung von Rechtsanspr\u00fcchen erforderlich ist, sei es in einem Gerichtsverfahren oder in einem Verwaltungs- oder au\u00dfergerichtlichen Verfahren.<\/p>\n<p>6. Speicherung und L\u00f6schung von personenbezogenen Daten<\/p>\n<p>6.1 In diesem Abschnitt werden unsere Richtlinien und Verfahren zur Datenspeicherung dargelegt, mit denen sichergestellt werden soll, dass wir unseren gesetzlichen Verpflichtungen in Bezug auf die Speicherung und L\u00f6schung personenbezogener Daten nachkommen.<\/p>\n<p>6.2 Personenbezogene Daten, die wir zu einem oder mehreren bestimmten Zwecken verarbeiten, d\u00fcrfen nicht l\u00e4nger als f\u00fcr diese Zwecke erforderlich aufbewahrt werden.<\/p>\n<p>6.3 Ihre personenbezogenen Daten werden von uns wie folgt gespeichert:<\/p>\n<p>(a) Lebensl\u00e4ufe, Referenzen und gesch\u00e4ftliche E-Mail-Adressen, die im Rahmen eines Arbeitsauftrags eingehen, werden f\u00fcr 6 Jahre nach Abschluss des Auftrags aufbewahrt.<\/p>\n<p>6.4 Ungeachtet der anderen Bestimmungen dieses Abschnitts 6, speichern wir au\u00dferdem Ihre personenbezogenen Daten, wenn diese Speicherung zur Einhaltung einer gesetzlichen Verpflichtung, der wir unterliegen, erforderlich ist, oder um Ihre vitalen Interessen oder die vitalen Interessen einer anderen nat\u00fcrlichen Person zu sch\u00fctzen.<\/p>\n<p>7. \u00c4nderungen<\/p>\n<p>7.1 Diese Richtlinie wird gegebenenfalls von uns von Zeit zu Zeit aktualisiert, indem wir eine neue Version auf unserer Website ver\u00f6ffentlichen.<\/p>\n<p>7.2 Sie sollten diese Seite gelegentlich \u00fcberpr\u00fcfen, um sicherzustellen, dass Sie mit \u00c4nderungen dieser Richtlinie einverstanden sind.<\/p>\n<p>7.3 Sie werden \u00fcber \u00c4nderungen dieser Richtlinie per E-Mail informiert.<\/p>\n<p>8. Ihre Rechte<\/p>\n<p>8.1 In diesem Abschnitt 8 erhalten Sie eine \u00dcbersicht \u00fcber Ihre Rechte im Rahmen des Datenschutzgesetzes. Einige der Rechte sind komplex, und nicht alle Details sind in unseren Zusammenfassungen enthalten. Dementsprechend sollten Sie die relevanten Gesetze und Richtlinien der Datenschutzbeh\u00f6rden f\u00fcr eine vollst\u00e4ndige Erkl\u00e4rung dieser Rechte lesen.<\/p>\n<p>8.2 \u00dcbersicht \u00fcber Ihre Rechte im Rahmen des Datenschutzgesetzes:<\/p>\n<p>(a) Recht auf Zugriff;<\/p>\n<p>(b) Recht auf Berichtigung;<\/p>\n<p>(c) Recht auf L\u00f6schung;<\/p>\n<p>(d) Recht auf Einschr\u00e4nkung der Verarbeitung;<\/p>\n<p>(e) Recht auf Widerspruch gegen die Verarbeitung;<\/p>\n<p>(f) Recht auf Daten\u00fcbertragbarkeit;<\/p>\n<p>(g) Recht auf Beschwerde bei einer Aufsichtsbeh\u00f6rde; und<\/p>\n<p>(h) Recht auf Widerruf der Zustimmung.<\/p>\n<p>8.3 Sie haben das Recht auf eine Best\u00e4tigung dar\u00fcber, ob wir Ihre personenbezogenen Daten verarbeiten oder nicht. Wenn wir dies tun, haben Sie das Recht auf Zugriff auf die personenbezogenen Daten sowie bestimmte andere zus\u00e4tzliche Daten. Diese zus\u00e4tzlichen Daten umfassen Einzelheiten zu den Zwecken der Verarbeitung, den betroffenen Kategorien personenbezogener Daten und den Empf\u00e4ngern der personenbezogenen Daten. Vorausgesetzt, dass die Rechte und Freiheiten anderer nicht betroffen sind, werden wir Ihnen eine Kopie Ihrer personenbezogenen Daten zur Verf\u00fcgung stellen. Die erste Kopie wird kostenlos zur Verf\u00fcgung gestellt, zus\u00e4tzliche Kopien unterliegen jedoch einer angemessenen Geb\u00fchr. Den Zugriff auf Ihre personenbezogenen Daten erhalten Sie, indem Sie eine Anfrage an uns per E-Mail oder \u00fcber das Kontaktformular auf unserer Website stellen.<\/p>\n<p>8.4 Sie haben das Recht, dass jegliche unrichtige personenbezogene Daten \u00fcber Sie korrigiert und unter Ber\u00fccksichtigung der Zwecke der Verarbeitung unvollst\u00e4ndige personenbezogene Daten \u00fcber Sie vervollst\u00e4ndigt werden.<\/p>\n<p>8.5 Unter bestimmten Umst\u00e4nden haben Sie das Recht auf eine unverz\u00fcgliche L\u00f6schung Ihrer personenbezogenen Daten. Solche Umst\u00e4nde sind zum Beispiel: die personenbezogenen Daten sind nicht mehr in Bezug auf die Zwecke erforderlich, f\u00fcr die sie erhoben oder anderweitig verarbeitet wurden; Sie widerrufen die Zustimmung zur zustimmungsbasierten Verarbeitung; Sie widersprechen der Verarbeitung nach bestimmten Regeln des geltenden Datenschutzrechts; die Verarbeitung erfolgt f\u00fcr Direktmarketingzwecke; und die personenbezogenen Daten wurden rechtswidrig verarbeitet. Es gibt jedoch Ausschl\u00fcsse vom Recht auf L\u00f6schung. Zu den allgemeinen Ausschl\u00fcssen geh\u00f6ren die F\u00e4lle, in denen eine Verarbeitung erforderlich ist: f\u00fcr die Aus\u00fcbung des Rechts auf freie Meinungs\u00e4u\u00dferung und Information; zur Einhaltung einer gesetzlichen Verpflichtung; oder f\u00fcr die Begr\u00fcndung, Aus\u00fcbung oder Verteidigung von Rechtsanspr\u00fcchen.<\/p>\n<p>8.6 Unter bestimmten Voraussetzungen haben Sie das Recht auf Einschr\u00e4nkung der Verarbeitung Ihrer personenbezogenen Daten. Zu diesen Voraussetzungen geh\u00f6ren: Sie bestreiten die Richtigkeit der personenbezogenen Daten; die Verarbeitung der personenbezogenen Daten ist unrechtm\u00e4\u00dfig, aber Sie lehnen die L\u00f6schung ab; wir ben\u00f6tigen die personenbezogenen Daten nicht mehr f\u00fcr die Zwecke der Verarbeitung, Sie ben\u00f6tigen diese jedoch zur Geltendmachung, Aus\u00fcbung oder Verteidigung von Rechtsanspr\u00fcchen; Sie haben Widerspruch gegen die Verarbeitung eingelegt, solange noch nicht feststeht, ob die berechtigten Gr\u00fcnde gegen den Widerspruch \u00fcberwiegen. Wurde die Verarbeitung eingeschr\u00e4nkt, so d\u00fcrfen Ihre personenbezogenen Daten von uns gespeichert werden. Wir werden diese jedoch nur anderweitig bearbeiten: mit Ihrer Einwilligung; zur Geltendmachung, Aus\u00fcbung oder Verteidigung von Rechtsanspr\u00fcchen; zum Schutz der Rechte einer anderen nat\u00fcrlichen oder juristischen Person; oder aus Gr\u00fcnden eines wichtigen \u00f6ffentlichen Interesses.<\/p>\n<p>8.7 Sie haben das Recht, aus Gr\u00fcnden, die sich aus Ihrer besonderen Situation ergeben, gegen die Verarbeitung Sie betreffender personenbezogener Daten, Widerspruch einzulegen, aber nur insoweit, als die Rechtsgrundlage f\u00fcr die Verarbeitung darin besteht, dass die Verarbeitung notwendig ist, es sei denn, die Verarbeitung ist zur Erf\u00fcllung einer im \u00f6ffentlichen Interesse liegenden Aufgabe erforderlich; oder die Verarbeitung ist im Interesse der berechtigten Interessen von uns oder eines Dritten erforderlich. Wenn Sie einen solchen Widerspruch geltend machen, verarbeiten wir die personenbezogenen Daten nicht mehr, es sei denn, wir k\u00f6nnen zwingende legitime Gr\u00fcnde f\u00fcr die Verarbeitung nachweisen, die Ihre Interessen, Rechte und Freiheiten \u00fcberwiegen, oder die Verarbeitung dient der Geltendmachung, Aus\u00fcbung oder Verteidigung von Rechtsanspr\u00fcchen.<\/p>\n<p>8.8 Sie haben das Recht, Widerspruch gegen die Verarbeitung Sie betreffender personenbezogener Daten zum Zweck von Direktmarketing (einschlie\u00dflich Profiling zu Direktmarketingzwecken) einzulegen. Wenn Sie einen solchen Einwand erheben, werden wir die Verarbeitung personenbezogener Daten einstellen.<\/p>\n<p>8.9 Sie haben das Recht, gegen die Verarbeitung Sie betreffender personenbezogener Daten, die zu wissenschaftlichen oder historischen Forschungszwecken oder zu statistischen Zwecken erfolgt, Widerspruch einzulegen, es sei denn, die Verarbeitung ist zur Erf\u00fcllung einer im \u00f6ffentlichen Interesse liegenden Aufgabe erforderlich.<\/p>\n<p>8.10 Wenn die Rechtsgrundlage f\u00fcr die Verarbeitung Ihrer personenbezogenen Daten:<\/p>\n<p>(a) eine Einwilligung ist (erhalten durch Opt-in auf unserer Website); oder<\/p>\n<p>(b) der Wunsch auf Durchf\u00fchrung vorvertraglicher Ma\u00dfnahmen f\u00fcr den Abschluss eines solchen Vertrags zwischen Ihnen und uns ist,<\/p>\n<p>und diese Verarbeitung auf automatisierte Weise erfolgt, haben Sie das Recht, Ihre personenbezogenen Daten in einem strukturierten, allgemein verwendeten und maschinenlesbaren Format von uns zu erhalten. Dieses Recht gilt jedoch nicht, wenn es die Rechte und Freiheiten anderer beeintr\u00e4chtigen w\u00fcrde.<\/p>\n<p>8.11 Wenn Sie der Ansicht sind, dass die Verarbeitung Ihrer personenbezogenen Daten gegen die Datenschutzgesetze verst\u00f6\u00dft, haben Sie jederzeit das Recht, eine Beschwerde bei einer f\u00fcr den Datenschutz zust\u00e4ndigen Aufsichtsbeh\u00f6rde einzureichen. Sie k\u00f6nnen dies in dem EU-Mitgliedsstaat Ihres Wohnsitzes, an Ihrem Arbeitsort oder an dem Ort, an dem der angebliche Versto\u00df stattfand, tun.<\/p>\n<p>8.12 Soweit die Rechtsgrundlage f\u00fcr die Verarbeitung Ihrer personenbezogenen Daten Ihre Einwilligung ist, haben Sie das Recht, diese Einwilligung jederzeit zu widerrufen. Der Widerruf hat keinen Einfluss auf die Rechtm\u00e4\u00dfigkeit der Verarbeitung vor dem Widerruf.<\/p>\n<p>8.13 Sie k\u00f6nnen Ihre Rechte in Bezug auf Ihre personenbezogenen Daten [durch schriftliche Mitteilung an uns ODER per E-Mail zus\u00e4tzlich zu den anderen in diesem Abschnitt 8 angegebenen Methoden] aus\u00fcben.<\/p>\n<p>9. \u00dcber Cookies<\/p>\n<p>9.1 Ein Cookie ist eine Datei, die eine Kennung (eine Folge von Buchstaben und Zahlen) enth\u00e4lt, die von einem Webserver an einen Webbrowser gesendet und vom Browser gespeichert wird. Die Kennung wird jedes Mal an den Server zur\u00fcckgesendet, wenn der Browser eine Seite vom Server anfordert.<\/p>\n<p>9.2 Cookies sind entweder \u201epermanente Cookies\u201c oder \u201eSitzungscookies\u201c: ein permanenter Cookie wird von einem Webbrowser gespeichert und bleibt bis zu seinem festgelegten Ablaufdatum g\u00fcltig, es sei denn, er wird vom Benutzer vor Ablaufdatum gel\u00f6scht; Ein Sitzungscookie hingegen l\u00e4uft am Ende der Benutzersitzung, wenn der Webbrowser geschlossen wird, ab.<\/p>\n<p>9.3 Cookies enthalten normalerweise keine Informationen, die einen Benutzer pers\u00f6nlich identifizieren, personenbezogene Daten, die wir \u00fcber Sie speichern, k\u00f6nnen jedoch mit den in Cookies gespeicherten und erhaltenen Daten verkn\u00fcpft sein.<\/p>\n<p>10. Von uns verwendete Cookies<br \/>\nUnsere Website wird gehostet auf 34sp.com. Wir verwenden Cookies f\u00fcr folgende Zwecke:<br \/>\n\u2018CookieConsent\u2019 (speichert Ihre Zustimmungspr\u00e4ferenzen zur Verwendung von Cookies auf der aktuellen Domaine).<br \/>\n\u2018icl_current_language\u2019 (speichert Ihre bevorzugte Spracheinstellung auf unserer Website).<\/p>\n<p>11. Von unseren Dienstleistern verwendete Cookies<\/p>\n<p>11.1 Unsere Service Provider verwenden Cookies. Diese Cookies k\u00f6nnen beim Besuch unserer Website auf Ihrem Computer gespeichert werden.<\/p>\n<p>11.2 F\u00fcr die Analyse unserer Website verwenden wir Google Analytics. Google Analytics sammelt Informationen \u00fcber die Benutzung der Website mithilfe von Cookies. Anhand der gesammelten Informationen bez\u00fcglich unserer Website werden Berichte \u00fcber die Nutzung unserer Website erstellt. Die Datenschutzrichtlinie von Google ist verf\u00fcgbar unter: <a href=\"https:\/\/www.google.com\/policies\/privacy\/\" target=\"_blank\" rel=\"noopener\">https:\/\/www.google.com\/policies\/privacy\/<\/a>. Die relevanten Cookies finden Sie hier: <a href=\"https:\/\/developers.google.com\/analytics\/devguides\/collection\/analyticsjs\/cookie-usage\" target=\"_blank\" rel=\"noopener\">https:\/\/developers.google.com\/analytics\/devguides\/collection\/analyticsjs\/cookie-usage<\/a><\/p>\n<p>12. Verwaltung von Cookies<\/p>\n<p>12.1 Die meisten Browser erlauben Ihnen, Cookies abzulehnen und Cookies zu l\u00f6schen. Die Methoden daf\u00fcr variieren von Browser zu Browser und von Version zu Version. Aktuelle Informationen \u00fcber das Blockieren und L\u00f6schen von Cookies erhalten Sie \u00fcber folgende Links:<\/p>\n<p>(a) <a href=\"https:\/\/support.google.com\/chrome\/answer\/95647?hl=en\" target=\"_blank\" rel=\"noopener\">https:\/\/support.google.com\/chrome\/answer\/95647?hl=en<\/a> (Chrome);<\/p>\n<p>(b) <a href=\"https:\/\/support.mozilla.org\/en-US\/kb\/enable-and-disable-cookies-website-preferences\" target=\"_blank\" rel=\"noopener\">https:\/\/support.mozilla.org\/en-US\/kb\/enable-and-disable-cookies-website-preferences<\/a> (Firefox);<\/p>\n<p>(c) <a href=\"http:\/\/www.opera.com\/help\/tutorials\/security\/cookies\/\" target=\"_blank\" rel=\"noopener\">http:\/\/www.opera.com\/help\/tutorials\/security\/cookies\/<\/a> (Opera);<\/p>\n<p>(d) <a href=\"https:\/\/support.microsoft.com\/en-gb\/help\/17442\/windows-internet-explorer-delete-manage-cookies\" target=\"_blank\" rel=\"noopener\">https:\/\/support.microsoft.com\/en-gb\/help\/17442\/windows-internet-explorer-delete-manage-cookies<\/a> (Internet Explorer);<\/p>\n<p>(e) <a href=\"https:\/\/support.apple.com\/kb\/PH21411\" target=\"_blank\" rel=\"noopener\">https:\/\/support.apple.com\/kb\/PH21411<\/a> (Safari); und<\/p>\n<p>(f) <a href=\"https:\/\/privacy.microsoft.com\/en-us\/windows-10-microsoft-edge-and-privacy\" target=\"_blank\" rel=\"noopener\">https:\/\/privacy.microsoft.com\/en-us\/windows-10-microsoft-edge-and-privacy<\/a> (Edge).<\/p>\n<p>12.2 Das Blockieren aller Cookies hat negative Auswirkungen auf die Benutzerfreundlichkeit vieler Websites.<\/p>\n<p>12.3 Wenn Sie Cookies blockieren, k\u00f6nnen Sie nicht alle Funktionen unserer Website nutzen.<\/p>\n<p>13. Details \u00fcber uns<\/p>\n<p>13.1 Diese Website geh\u00f6rt und wird betrieben von Matthew Spofforth.<\/p>\n<p>13.2 Spofforth Translation Services ist ein Einzelhandelsunternehmen, dessen Eigent\u00fcmer dieser ist.<\/p>\n<p>13.3 Unser Hauptgesch\u00e4ftssitz ist in der Suite 8, Church House, 1 Hanover Street, Liverpool, L1 3DN.<\/p>\n<p>13.4 Sie k\u00f6nnen uns auf folgendem Wege kontaktieren:<\/p>\n<p>(a) per Post an die oben angegebene Postanschrift;<\/p>\n<p>(b) \u00fcber unser Kontaktformular;<\/p>\n<p>(c) telefonisch unter der auf unserer Website ver\u00f6ffentlichten Rufnummer; oder<\/p>\n<p>(d) per E-Mail an die auf unserer Website ver\u00f6ffentlichten E-Mail-Adresse.<br \/>\nn our website.[\/vc_column_text][\/vc_column][\/vc_row]<\/p>\n","protected":false},"excerpt":{"rendered":"<p>[vc_row][vc_column][vc_column_text]Datenschutzrichtlinie 1. Einf\u00fchrung 1.1 Wir verpflichten uns, die Privatsph\u00e4re unsere Website-Besucher und Kunden zu sch\u00fctzen. 1.2 Diese Richtlinie gilt dann, wenn wir in Bezug auf die personenbezogenen Daten unserer Website-Besucher und Kunden als&#8230;<\/p>\n","protected":false},"author":1,"featured_media":0,"parent":0,"menu_order":0,"comment_status":"closed","ping_status":"closed","template":"","meta":{"footnotes":""},"class_list":["post-1929","page","type-page","status-publish","hentry"],"_links":{"self":[{"href":"https:\/\/spofforthtranslation.co.uk\/de\/wp-json\/wp\/v2\/pages\/1929","targetHints":{"allow":["GET"]}}],"collection":[{"href":"https:\/\/spofforthtranslation.co.uk\/de\/wp-json\/wp\/v2\/pages"}],"about":[{"href":"https:\/\/spofforthtranslation.co.uk\/de\/wp-json\/wp\/v2\/types\/page"}],"author":[{"embeddable":true,"href":"https:\/\/spofforthtranslation.co.uk\/de\/wp-json\/wp\/v2\/users\/1"}],"replies":[{"embeddable":true,"href":"https:\/\/spofforthtranslation.co.uk\/de\/wp-json\/wp\/v2\/comments?post=1929"}],"version-history":[{"count":4,"href":"https:\/\/spofforthtranslation.co.uk\/de\/wp-json\/wp\/v2\/pages\/1929\/revisions"}],"predecessor-version":[{"id":1939,"href":"https:\/\/spofforthtranslation.co.uk\/de\/wp-json\/wp\/v2\/pages\/1929\/revisions\/1939"}],"wp:attachment":[{"href":"https:\/\/spofforthtranslation.co.uk\/de\/wp-json\/wp\/v2\/media?parent=1929"}],"curies":[{"name":"wp","href":"https:\/\/api.w.org\/{rel}","templated":true}]}}