{"id":1774,"date":"2016-03-15T23:30:58","date_gmt":"2016-03-15T23:30:58","guid":{"rendered":"https:\/\/spofforthtranslation.co.uk\/?page_id=1774"},"modified":"2021-07-15T12:37:41","modified_gmt":"2021-07-15T12:37:41","slug":"services-et-tarifs","status":"publish","type":"page","link":"https:\/\/spofforthtranslation.co.uk\/fr\/services-et-tarifs\/","title":{"rendered":"SERVICES ET TARIFS"},"content":{"rendered":"<p>[vc_row][vc_column][vc_column_text]<\/p>\n<h2>SERVICES ET TARIFS<\/h2>\n<p>[\/vc_column_text][vc_empty_space height=\u00a0\u00bb5px\u00a0\u00bb][\/vc_column][\/vc_row][vc_row][vc_column width=\u00a0\u00bb1\/4&Prime;][stm_icon icon_size=\u00a0\u00bb71&Prime; icon_height=\u00a0\u00bb72&Prime; title_font_size=\u00a0\u00bb14&Prime; title_font_weight=\u00a0\u00bb500&Prime; align=\u00a0\u00bbcenter\u00a0\u00bb icon=\u00a0\u00bbfa fa-arrows-h\u00a0\u00bb title=\u00a0\u00bbTRADUCTION DU FRAN\u00c7AIS ET DE L\u2019ALLEMAND VERS L\u2019ANGLAIS\u00a0\u00bb][vc_empty_space height=\u00a0\u00bb50px\u00a0\u00bb][\/vc_column][vc_column width=\u00a0\u00bb1\/4&Prime;][stm_icon icon_size=\u00a0\u00bb71&Prime; icon_height=\u00a0\u00bb72&Prime; title_font_size=\u00a0\u00bb14&Prime; title_font_weight=\u00a0\u00bb500&Prime; align=\u00a0\u00bbcenter\u00a0\u00bb icon=\u00a0\u00bbfa fa-search\u00a0\u00bb title=\u00a0\u00bbR\u00c9VISION\u00a0\u00bb][vc_empty_space height=\u00a0\u00bb50px\u00a0\u00bb][\/vc_column][vc_column width=\u00a0\u00bb1\/4&Prime;][stm_icon icon_size=\u00a0\u00bb71&Prime; icon_height=\u00a0\u00bb72&Prime; title_font_size=\u00a0\u00bb14&Prime; title_font_weight=\u00a0\u00bb500&Prime; align=\u00a0\u00bbcenter\u00a0\u00bb icon=\u00a0\u00bbfa fa-pencil\u00a0\u00bb title=\u00a0\u00bbCORRECTION\u00a0\u00bb][vc_empty_space height=\u00a0\u00bb50px\u00a0\u00bb][\/vc_column][vc_column width=\u00a0\u00bb1\/4&Prime;][stm_icon icon_size=\u00a0\u00bb71&Prime; icon_height=\u00a0\u00bb72&Prime; title_font_size=\u00a0\u00bb14&Prime; title_font_weight=\u00a0\u00bb500&Prime; align=\u00a0\u00bbcenter\u00a0\u00bb icon=\u00a0\u00bbfa fa-file-text\u00a0\u00bb title=\u00a0\u00bbTRANSCRIPTION\u00a0\u00bb][vc_empty_space height=\u00a0\u00bb50px\u00a0\u00bb][\/vc_column][\/vc_row][vc_row full_width=\u00a0\u00bbstretch_row_content\u00a0\u00bb content_placement=\u00a0\u00bbtop\u00a0\u00bb css=\u00a0\u00bb.vc_custom_1626352490368{margin-bottom: 0px !important;background-color: #0cccff !important;}\u00a0\u00bb el_class=\u00a0\u00bbno-padding colors\u00a0\u00bb][vc_column width=\u00a0\u00bb1\/2&Prime;][vc_column_text css=\u00a0\u00bb.vc_custom_1458085428831{padding-top: 25px !important;padding-right: 25px !important;padding-bottom: 197px !important;padding-left: 25px !important;background-image: url(https:\/\/matthew-spofforth.websitesfortranslators.com\/wp-content\/uploads\/2015\/11\/new2.jpg?id=1605) !important;background-position: center !important;background-repeat: no-repeat !important;background-size: cover !important;}\u00a0\u00bb]<\/p>\n<p style=\"color: #ffffff; text-align: right;\">Les tarifs sont susceptibles de varier selon le texte et le format de fichier.<br \/>\nUn texte sp\u00e9cialis\u00e9 au format PDF co\u00fbtera plus cher, car il requiert un formatage<br \/>\net des recherches en plus de la traduction et de la relecture.<\/p>\n<p style=\"color: #ffffff; text-align: right;\"><strong style=\"color: #ffffff;\">Traduction\u00a0: 0,07\u00a0\u00a3-0,20\u00a0\u00a3 par mot source<\/strong><\/p>\n<p style=\"color: #ffffff; text-align: right;\"><strong style=\"color: #ffffff;\">R\u00e9vision \/ Correction \/ Transcription\u00a0: 30\u00a0\u00a3 par heure<\/strong><\/p>\n<p>[\/vc_column_text][\/vc_column][vc_column width=\u00a0\u00bb1\/2&Prime;][vc_column_text css=\u00a0\u00bb.vc_custom_1458085398118{padding-top: 25px !important;padding-right: 25px !important;padding-bottom: 93px !important;padding-left: 25px !important;background-color: #00c0f3 !important;background-position: center !important;background-repeat: no-repeat !important;background-size: cover !important;}\u00a0\u00bb]<\/p>\n<p style=\"color: #fff;\">Mon tarif minimum est de 30\u00a0\u00a3, car je suis le m\u00eame processus, peu importe la taille du texte.<br \/>\nJe m\u2019assure de rendre le format du texte \u00e9ditable, je m\u2019informe du contexte<br \/>\net j\u2019effectue des recherches terminologiques.<\/p>\n<p style=\"color: #fff;\">Une fois votre document traduit, j\u2019effectue un contr\u00f4le de la qualit\u00e9, une relecture, et je<br \/>\nproduis un fichier final. Tarif minimum, certes, mais service maximum\u00a0!<\/p>\n<p style=\"color: #fff;\">En devenant membre du CIOL, j\u2019ai accept\u00e9 de suivre son code de conduite.<br \/>\nCela signifie que <strong style=\"color: #fff;\">je traduis uniquement vers l\u2019anglais, ma langue maternelle<\/strong>.<\/p>\n<p><a style=\"color: #fff; text-decoration: underline;\" href=\"\/\/www.ciol.org.uk\/images\/Membership\/CPC.pdf\" target=\"_blank\" rel=\"noopener\">Consultez le code de conduite du CIOL<\/a>[\/vc_column_text][\/vc_column][\/vc_row][vc_row full_width=\u00a0\u00bbstretch_row\u00a0\u00bb css=\u00a0\u00bb.vc_custom_1452524216446{margin-bottom: 0px !important;}\u00a0\u00bb][vc_column][vc_cta h2=\u00a0\u00bbVotre entreprise et sa client\u00e8le se situent uniquement au Royaume-Uni ?\u00a0\u00bb shape=\u00a0\u00bbsquare\u00a0\u00bb color=\u00a0\u00bbblack\u00a0\u00bb add_button=\u00a0\u00bbright\u00a0\u00bb btn_title=\u00a0\u00bbCliquez ici\u00a0\u00bb btn_style=\u00a0\u00bboutline\u00a0\u00bb btn_shape=\u00a0\u00bbround\u00a0\u00bb btn_color=\u00a0\u00bbtheme_style_1&Prime; btn_i_align=\u00a0\u00bbright\u00a0\u00bb btn_i_icon_fontawesome=\u00a0\u00bbstm-arrow-next\u00a0\u00bb btn_add_icon=\u00a0\u00bbtrue\u00a0\u00bb css=\u00a0\u00bb.vc_custom_1458085186066{background-color: #ffffff !important;}\u00a0\u00bb el_class=\u00a0\u00bbno-border\u00a0\u00bb btn_link=\u00a0\u00bburl:https%3A%2F%2Fspofforthtranslation.co.uk%2Fcontactez-moi%2F%3Flang%3Dfr||\u00a0\u00bb][\/vc_cta][\/vc_column][\/vc_row]<\/p>\n","protected":false},"excerpt":{"rendered":"<p>[vc_row][vc_column][vc_column_text] SERVICES ET TARIFS [\/vc_column_text][vc_empty_space height=\u00a0\u00bb5px\u00a0\u00bb][\/vc_column][\/vc_row][vc_row][vc_column width=\u00a0\u00bb1\/4&Prime;][stm_icon icon_size=\u00a0\u00bb71&Prime; icon_height=\u00a0\u00bb72&Prime; title_font_size=\u00a0\u00bb14&Prime; title_font_weight=\u00a0\u00bb500&Prime; align=\u00a0\u00bbcenter\u00a0\u00bb icon=\u00a0\u00bbfa fa-arrows-h\u00a0\u00bb title=\u00a0\u00bbTRADUCTION DU FRAN\u00c7AIS ET DE L\u2019ALLEMAND VERS L\u2019ANGLAIS\u00a0\u00bb][vc_empty_space height=\u00a0\u00bb50px\u00a0\u00bb][\/vc_column][vc_column width=\u00a0\u00bb1\/4&Prime;][stm_icon icon_size=\u00a0\u00bb71&Prime; icon_height=\u00a0\u00bb72&Prime; title_font_size=\u00a0\u00bb14&Prime; title_font_weight=\u00a0\u00bb500&Prime; align=\u00a0\u00bbcenter\u00a0\u00bb icon=\u00a0\u00bbfa fa-search\u00a0\u00bb title=\u00a0\u00bbR\u00c9VISION\u00a0\u00bb][vc_empty_space height=\u00a0\u00bb50px\u00a0\u00bb][\/vc_column][vc_column&#8230;<\/p>\n","protected":false},"author":1,"featured_media":0,"parent":0,"menu_order":0,"comment_status":"closed","ping_status":"closed","template":"","meta":{"footnotes":""},"class_list":["post-1774","page","type-page","status-publish","hentry"],"_links":{"self":[{"href":"https:\/\/spofforthtranslation.co.uk\/fr\/wp-json\/wp\/v2\/pages\/1774","targetHints":{"allow":["GET"]}}],"collection":[{"href":"https:\/\/spofforthtranslation.co.uk\/fr\/wp-json\/wp\/v2\/pages"}],"about":[{"href":"https:\/\/spofforthtranslation.co.uk\/fr\/wp-json\/wp\/v2\/types\/page"}],"author":[{"embeddable":true,"href":"https:\/\/spofforthtranslation.co.uk\/fr\/wp-json\/wp\/v2\/users\/1"}],"replies":[{"embeddable":true,"href":"https:\/\/spofforthtranslation.co.uk\/fr\/wp-json\/wp\/v2\/comments?post=1774"}],"version-history":[{"count":16,"href":"https:\/\/spofforthtranslation.co.uk\/fr\/wp-json\/wp\/v2\/pages\/1774\/revisions"}],"predecessor-version":[{"id":1970,"href":"https:\/\/spofforthtranslation.co.uk\/fr\/wp-json\/wp\/v2\/pages\/1774\/revisions\/1970"}],"wp:attachment":[{"href":"https:\/\/spofforthtranslation.co.uk\/fr\/wp-json\/wp\/v2\/media?parent=1774"}],"curies":[{"name":"wp","href":"https:\/\/api.w.org\/{rel}","templated":true}]}}