{"id":1838,"date":"2016-03-16T00:46:13","date_gmt":"2016-03-16T00:46:13","guid":{"rendered":"https:\/\/spofforthtranslation.co.uk\/?page_id=1838&#038;lang=de"},"modified":"2021-07-15T12:11:45","modified_gmt":"2021-07-15T12:11:45","slug":"home-fr","status":"publish","type":"page","link":"https:\/\/spofforthtranslation.co.uk\/fr\/","title":{"rendered":"Home fr"},"content":{"rendered":"<p>[vc_row][vc_column][rev_slider_vc alias=\u00a0\u00bbmain-slider-fr\u00a0\u00bb][\/vc_column][\/vc_row][vc_row full_width=\u00a0\u00bbstretch_row\u00a0\u00bb el_class=\u00a0\u00bbbase_bg_color\u00a0\u00bb css=\u00a0\u00bb.vc_custom_1448432556856{margin-bottom: 80px !important;}\u00a0\u00bb][vc_column width=\u00a0\u00bb1\/3&Prime; offset=\u00a0\u00bbvc_hidden-xs\u00a0\u00bb][stm_rev_slider_nav slider_id=\u00a0\u00bb5&Prime; title=\u00a0\u00bbHaute pr\u00e9cision\u00a0\u00bb slide_number=\u00a0\u00bb1&Prime; icon=\u00a0\u00bbfa fa-ellipsis-h\u00a0\u00bb][\/vc_column][vc_column width=\u00a0\u00bb1\/3&Prime; offset=\u00a0\u00bbvc_hidden-xs\u00a0\u00bb][stm_rev_slider_nav slider_id=\u00a0\u00bb5&Prime; title=\u00a0\u00bbNouveaux horizons\u00a0\u00bb slide_number=\u00a0\u00bb2&Prime; icon=\u00a0\u00bbfa fa-ellipsis-h\u00a0\u00bb][\/vc_column][vc_column width=\u00a0\u00bb1\/3&Prime; offset=\u00a0\u00bbvc_hidden-xs\u00a0\u00bb][stm_rev_slider_nav slider_id=\u00a0\u00bb5&Prime; title=\u00a0\u00bbOutils\u00a0\u00bb slide_number=\u00a0\u00bb3&Prime; icon=\u00a0\u00bbfa fa-ellipsis-h\u00a0\u00bb][\/vc_column][\/vc_row][vc_row][vc_column][vc_custom_heading text=\u00a0\u00bbSERVICES DE TRADUCTION DU FRAN\u00c7AIS ET DE L\u2019ALLEMAND VERS L\u2019ANGLAIS\u00a0\u00bb font_container=\u00a0\u00bbtag:h4|text_align:center\u00a0\u00bb use_theme_fonts=\u00a0\u00bbyes\u00a0\u00bb css=\u00a0\u00bb.vc_custom_1458089238568{margin-bottom: 42px !important;}\u00a0\u00bb el_class=\u00a0\u00bbnone-tag\u00a0\u00bb][vc_custom_heading text=\u00a0\u00bbJE ME SP\u00c9CIALISE DANS LES DOMAINES DU G\u00c9NIE INDUSTRIEL\/M\u00c9CANIQUE, DE L\u2019INFORMATIQUE ET DU COMMERCE\u00a0\u00bb font_container=\u00a0\u00bbtag:h2|text_align:center\u00a0\u00bb use_theme_fonts=\u00a0\u00bbyes\u00a0\u00bb css=\u00a0\u00bb.vc_custom_1458089259960{margin-bottom: 42px !important;}\u00a0\u00bb el_class=\u00a0\u00bbcenter-title\u00a0\u00bb][\/vc_column][\/vc_row][vc_row full_width=\u00a0\u00bbstretch_row\u00a0\u00bb el_class=\u00a0\u00bbicon-set\u00a0\u00bb][vc_column width=\u00a0\u00bb1\/3&Prime; el_class=\u00a0\u00bbset-left\u00a0\u00bb][stm_icon icon_size=\u00a0\u00bb67&Prime; icon_height=\u00a0\u00bb90&Prime; title_font_size=\u00a0\u00bb24&Prime; title_font_weight=\u00a0\u00bb500&Prime; align=\u00a0\u00bbcenter\u00a0\u00bb style=\u00a0\u00bbstyle_2&Prime; icon=\u00a0\u00bbstm-transport873&Prime; title=\u00a0\u00bbTRADUCTION DANS LES DOMAINES DU G\u00c9NIE INDUSTRIEL ET DU G\u00c9NIE M\u00c9CANIQUE\u00a0\u00bb text=\u00a0\u00bbVous souhaitez introduire un nouveau produit sur les march\u00e9s anglophones ? Tenir la filiale britannique ou am\u00e9ricaine de votre entreprise inform\u00e9e des derni\u00e8res nouveaut\u00e9s ? Avoir une longueur d\u2019avance sur vos concurrents et vous positionner en tant que leader de votre domaine ? Vos manuels et vos communiqu\u00e9s de presse doivent \u00eatre adapt\u00e9s \u00e0 vos lecteurs, qu\u2019il s\u2019agisse de clients, d\u2019investisseurs, d\u2019actionnaires, d\u2019autorit\u00e9s responsables du contr\u00f4le de la qualit\u00e9, d\u2019autorit\u00e9s de r\u00e9gulation ou du public.\u00a0\u00bb text_color=\u00a0\u00bb#ffffff\u00a0\u00bb css=\u00a0\u00bb.vc_custom_1626349890335{padding-top: 30px !important;padding-right: 30px !important;padding-bottom: 30px !important;padding-left: 30px !important;background-color: #0ac9ff !important;}\u00a0\u00bb icon_color=\u00a0\u00bb#ffffff\u00a0\u00bb][\/vc_column][vc_column width=\u00a0\u00bb1\/3&Prime; el_class=\u00a0\u00bbset-center\u00a0\u00bb][stm_icon icon_size=\u00a0\u00bb67&Prime; icon_height=\u00a0\u00bb90&Prime; title_font_size=\u00a0\u00bb24&Prime; title_font_weight=\u00a0\u00bb500&Prime; align=\u00a0\u00bbcenter\u00a0\u00bb style=\u00a0\u00bbstyle_2&Prime; icon=\u00a0\u00bbstm-clients-worldwide\u00a0\u00bb title=\u00a0\u00bbTRADUCTION INFORMATIQUE\u00a0\u00bb text=\u00a0\u00bbLes technologies de l\u2019information sont \u00e0 la base de toutes nos activit\u00e9s modernes. Elles se d\u00e9veloppent \u00e0 la vitesse de l\u2019\u00e9clair, partout dans le monde, et vous devez vous tenir inform\u00e9. D\u00e9velopper votre entreprise sur le march\u00e9 britannique ou am\u00e9ricain signifie avoir acc\u00e8s \u00e0 des millions de clients potentiels. Je suis l\u00e0 pour vous ouvrir les portes de ces march\u00e9s.\u00a0\u00bb text_color=\u00a0\u00bb#ffffff\u00a0\u00bb css=\u00a0\u00bb.vc_custom_1458089449999{padding-top: 30px !important;padding-right: 30px !important;padding-bottom: 198px !important;padding-left: 30px !important;background-color: #07b8e6 !important;}\u00a0\u00bb icon_color=\u00a0\u00bb#ffffff\u00a0\u00bb][\/vc_column][vc_column width=\u00a0\u00bb1\/3&Prime; el_class=\u00a0\u00bbset-right\u00a0\u00bb][stm_icon icon_size=\u00a0\u00bb67&Prime; icon_height=\u00a0\u00bb90&Prime; title_font_size=\u00a0\u00bb24&Prime; title_font_weight=\u00a0\u00bb500&Prime; align=\u00a0\u00bbcenter\u00a0\u00bb style=\u00a0\u00bbstyle_2&Prime; icon=\u00a0\u00bbstm-projects-done\u00a0\u00bb title=\u00a0\u00bbTRADUCTION COMMERCIALE\u00a0\u00bb text=\u00a0\u00bbQu\u2019il s\u2019agisse de contacter de nouveaux clients ou d\u2019informer vos \u00e9quipes britanniques\/am\u00e9ricaines ou vos actionnaires de nouveaux processus internes, vos communications d\u2019entreprise et vos communiqu\u00e9s de presse permettent \u00e0 votre audience de mieux comprendre votre entreprise. Une traduction pr\u00e9cise facilitera vos processus \u00e0 tous les niveaux et vous fera r\u00e9aliser des \u00e9conomies \u00e0 long terme.\u00a0\u00bb text_color=\u00a0\u00bb#ffffff\u00a0\u00bb css=\u00a0\u00bb.vc_custom_1458089487646{padding-top: 30px !important;padding-right: 30px !important;padding-bottom: 172px !important;padding-left: 30px !important;background-color: #02a3cc !important;}\u00a0\u00bb icon_color=\u00a0\u00bb#ffffff\u00a0\u00bb][\/vc_column][\/vc_row][vc_row full_width=\u00a0\u00bbstretch_row\u00a0\u00bb css=\u00a0\u00bb.vc_custom_1626351037152{margin-bottom: 0px !important;padding-top: 50px !important;}\u00a0\u00bb el_class=\u00a0\u00bbtestimonials\u00a0\u00bb][vc_column][vc_raw_html]JTNDZGl2JTIwaWQlM0QlMjduZHJzbC02MGQwOGFhZmYwMzEyMzdhYzgxMTEzMDclMjclMjBjbGFzcyUzRCUyN25kcnNsLXdpZGdldCUyMCUyNyUzRSUzQ3AlMjBjbGFzcyUzRCUyN25kcnNscGItNjBkMDhhYWZmMDMxMjM3YWM4MTExMzA3LTYwZDA3YzViZWQ5NDEwNmVhN2M2ZTdlNCUyMGRvLW5vdC1yZW1vdmUlMjclM0UlM0NhJTIwcmVsJTNEJTI3ZG9mb2xsb3clMjclMjB0YXJnZXQlM0QlMjdfYmxhbmslMjclMjBocmVmJTNEJTI3aHR0cHMlM0ElMkYlMkZlbmRvcnNhbC5pbyUyRnNvbHV0aW9ucyUyRm9ubGluZS1idXNpbmVzcy10ZXN0aW1vbmlhbC1yZXZpZXctc29mdHdhcmUlMjclM0VvbmxpbmUlMjBidXNpbmVzcyUyMHRlc3RpbW9uaWFsJTIwYW5kJTIwcmV2aWV3JTIwc29mdHdhcmUlM0MlMkZhJTNFJTIwYnklMjBFbmRvcnNhbCUzQyUyRnAlM0UlM0MlMkZkaXYlM0U=[\/vc_raw_html][\/vc_column][\/vc_row][vc_row full_width=\u00a0\u00bbstretch_row\u00a0\u00bb css=\u00a0\u00bb.vc_custom_1452524216446{margin-bottom: 0px !important;}\u00a0\u00bb][vc_column][vc_cta h2=\u00a0\u00bbContactez-moi d\u00e8s aujourd&rsquo;hui pour un devis gratuit sur votre projet de traduction\u00a0\u00bb shape=\u00a0\u00bbsquare\u00a0\u00bb color=\u00a0\u00bbblack\u00a0\u00bb add_button=\u00a0\u00bbright\u00a0\u00bb btn_title=\u00a0\u00bbContactez-moi\u00a0\u00bb btn_style=\u00a0\u00bboutline\u00a0\u00bb btn_shape=\u00a0\u00bbround\u00a0\u00bb btn_color=\u00a0\u00bbtheme_style_1&Prime; btn_i_align=\u00a0\u00bbright\u00a0\u00bb btn_i_icon_fontawesome=\u00a0\u00bbstm-arrow-next\u00a0\u00bb btn_add_icon=\u00a0\u00bbtrue\u00a0\u00bb css=\u00a0\u00bb.vc_custom_1458089398433{background-color: #ffffff !important;}\u00a0\u00bb el_class=\u00a0\u00bbno-border\u00a0\u00bb btn_link=\u00a0\u00bburl:https%3A%2F%2Fspofforthtranslation.co.uk%2Fcontactez-moi%2F%3Flang%3Dfr||\u00a0\u00bb][\/vc_cta][\/vc_column][\/vc_row]<\/p>\n","protected":false},"excerpt":{"rendered":"<p>[vc_row][vc_column][rev_slider_vc alias=\u00a0\u00bbmain-slider-fr\u00a0\u00bb][\/vc_column][\/vc_row][vc_row full_width=\u00a0\u00bbstretch_row\u00a0\u00bb el_class=\u00a0\u00bbbase_bg_color\u00a0\u00bb css=\u00a0\u00bb.vc_custom_1448432556856{margin-bottom: 80px !important;}\u00a0\u00bb][vc_column width=\u00a0\u00bb1\/3&Prime; offset=\u00a0\u00bbvc_hidden-xs\u00a0\u00bb][stm_rev_slider_nav slider_id=\u00a0\u00bb5&Prime; title=\u00a0\u00bbHaute pr\u00e9cision\u00a0\u00bb slide_number=\u00a0\u00bb1&Prime; icon=\u00a0\u00bbfa fa-ellipsis-h\u00a0\u00bb][\/vc_column][vc_column width=\u00a0\u00bb1\/3&Prime; offset=\u00a0\u00bbvc_hidden-xs\u00a0\u00bb][stm_rev_slider_nav slider_id=\u00a0\u00bb5&Prime; title=\u00a0\u00bbNouveaux horizons\u00a0\u00bb slide_number=\u00a0\u00bb2&Prime; icon=\u00a0\u00bbfa fa-ellipsis-h\u00a0\u00bb][\/vc_column][vc_column width=\u00a0\u00bb1\/3&Prime; offset=\u00a0\u00bbvc_hidden-xs\u00a0\u00bb][stm_rev_slider_nav slider_id=\u00a0\u00bb5&Prime; title=\u00a0\u00bbOutils\u00a0\u00bb slide_number=\u00a0\u00bb3&Prime; icon=\u00a0\u00bbfa fa-ellipsis-h\u00a0\u00bb][\/vc_column][\/vc_row][vc_row][vc_column][vc_custom_heading text=\u00a0\u00bbSERVICES DE TRADUCTION&#8230;<\/p>\n","protected":false},"author":1,"featured_media":0,"parent":0,"menu_order":0,"comment_status":"closed","ping_status":"open","template":"","meta":{"footnotes":""},"class_list":["post-1838","page","type-page","status-publish","hentry"],"_links":{"self":[{"href":"https:\/\/spofforthtranslation.co.uk\/fr\/wp-json\/wp\/v2\/pages\/1838","targetHints":{"allow":["GET"]}}],"collection":[{"href":"https:\/\/spofforthtranslation.co.uk\/fr\/wp-json\/wp\/v2\/pages"}],"about":[{"href":"https:\/\/spofforthtranslation.co.uk\/fr\/wp-json\/wp\/v2\/types\/page"}],"author":[{"embeddable":true,"href":"https:\/\/spofforthtranslation.co.uk\/fr\/wp-json\/wp\/v2\/users\/1"}],"replies":[{"embeddable":true,"href":"https:\/\/spofforthtranslation.co.uk\/fr\/wp-json\/wp\/v2\/comments?post=1838"}],"version-history":[{"count":12,"href":"https:\/\/spofforthtranslation.co.uk\/fr\/wp-json\/wp\/v2\/pages\/1838\/revisions"}],"predecessor-version":[{"id":1958,"href":"https:\/\/spofforthtranslation.co.uk\/fr\/wp-json\/wp\/v2\/pages\/1838\/revisions\/1958"}],"wp:attachment":[{"href":"https:\/\/spofforthtranslation.co.uk\/fr\/wp-json\/wp\/v2\/media?parent=1838"}],"curies":[{"name":"wp","href":"https:\/\/api.w.org\/{rel}","templated":true}]}}